{"id":8238,"date":"2019-11-16T12:50:59","date_gmt":"2019-11-16T12:50:59","guid":{"rendered":"https:\/\/parkdubrova.eu\/mate-cvrljak-riposo-1985\/"},"modified":"2021-11-09T12:21:31","modified_gmt":"2021-11-09T12:21:31","slug":"mate-cvrljak-vacation-1985","status":"publish","type":"page","link":"https:\/\/parkdubrova.eu\/en\/mate-cvrljak-vacation-1985\/","title":{"rendered":"Mate \u010cvrljak, Vacation, 1985"},"content":{"rendered":"<p>[vc_row full_width=&#8221;stretch_row_content_no_spaces&#8221;][vc_column][vc_row_inner][vc_column_inner el_class=&#8221;artist-banner pt665&#8243; width=&#8221;11\/12&#8243; css=&#8221;.vc_custom_1625723012668{background-image: url(https:\/\/parkdubrova.eu\/wp-content\/uploads\/2021\/07\/mate-cvrljak-odmor-2021.jpg?id=7962) !important;background-position: center !important;background-repeat: no-repeat !important;background-size: cover !important;}&#8221;][vc_single_image image=&#8221;7954&#8243; img_size=&#8221;medium&#8221;][\/vc_column_inner][vc_column_inner width=&#8221;1\/12&#8243;][vc_single_image image=&#8221;4650&#8243; img_size=&#8221;120&#215;386&#8243; el_class=&#8221;sculpture-detail&#8221;][\/vc_column_inner][\/vc_row_inner][vc_row_inner equal_height=&#8221;yes&#8221; content_placement=&#8221;middle&#8221; el_class=&#8221;artist-audio&#8221;][vc_column_inner width=&#8221;1\/12&#8243;][\/vc_column_inner][vc_column_inner el_class=&#8221;artist-number&#8221; width=&#8221;1\/12&#8243;][vc_column_text el_class=&#8221;mb0&#8243;]<\/p>\n<h2>VI<\/h2>\n<p>[\/vc_column_text][\/vc_column_inner][vc_column_inner width=&#8221;1\/12&#8243; el_id=&#8221;xtoggle-btn&#8221;][vc_column_text el_class=&#8221;audio-icon&#8221;][\/vc_column_text][\/vc_column_inner][vc_column_inner width=&#8221;2\/3&#8243;][vc_column_text el_class=&#8221;audio1 toggle-container&#8221;]<\/p>\n<!--[if lt IE 9]><script>document.createElement('audio');<\/script><![endif]-->\n<audio class=\"wp-audio-shortcode\" id=\"audio-8238-1\" preload=\"none\" style=\"width: 100%;\" controls=\"controls\"><source type=\"audio\/mpeg\" src=\"https:\/\/parkdubrova.eu\/wp-content\/uploads\/2020\/12\/Mate-Cvrljak-Odmor-1985.m4a?_=1\" \/><a href=\"https:\/\/parkdubrova.eu\/wp-content\/uploads\/2020\/12\/Mate-Cvrljak-Odmor-1985.m4a\">https:\/\/parkdubrova.eu\/wp-content\/uploads\/2020\/12\/Mate-Cvrljak-Odmor-1985.m4a<\/a><\/audio>\n<p>[\/vc_column_text][\/vc_column_inner][vc_column_inner width=&#8221;1\/12&#8243;][\/vc_column_inner][\/vc_row_inner][vc_row_inner equal_height=&#8221;yes&#8221; el_class=&#8221;artist-an&#8221;][vc_column_inner el_class=&#8221;grey-bcg&#8221; width=&#8221;1\/12&#8243;][vc_single_image image=&#8221;7128&#8243; img_size=&#8221;full&#8221; onclick=&#8221;custom_link&#8221; el_class=&#8221;artist-arrow-left&#8221; link=&#8221;\/?page_id=4368&#8243;][\/vc_column_inner][vc_column_inner el_class=&#8221;artist&#8221; width=&#8221;5\/6&#8243;][vc_column_text el_class=&#8221;artist-name&#8221;]<\/p>\n<h2>Mate \u010cvrljak, HRV<\/h2>\n<p>[\/vc_column_text][vc_column_text el_class=&#8221;artist-birth&#8221;](Konjevrate near \u0160ibenik, 1934 &#8211; Rijeka, 2018)[\/vc_column_text][\/vc_column_inner][vc_column_inner el_class=&#8221;grey-bcg&#8221; width=&#8221;1\/12&#8243;][vc_single_image image=&#8221;376&#8243; img_size=&#8221;full&#8221; onclick=&#8221;custom_link&#8221; el_class=&#8221;artist-arrow-right&#8221; link=&#8221;\/?page_id=4395&#8243;][\/vc_column_inner][\/vc_row_inner][vc_row_inner equal_height=&#8221;yes&#8221; el_class=&#8221;columns-hgt-500 artist-bw&#8221;][vc_column_inner el_class=&#8221;grey-bcg&#8221; width=&#8221;1\/12&#8243;][\/vc_column_inner][vc_column_inner el_class=&#8221;artist-bio&#8221; width=&#8221;5\/12&#8243;][vc_column_text]He graduated from the School of Applied Arts in Split in 1955. He graduated in sculpture at the Academy of Fine Arts in Zagreb in 1961, in the class of prof. Vanje Radau\u0161a. From 1963 to 1965 he was an associate of the Antun Augustin\u010di\u0107 Master Workshop. From 1965 until his retirement in 2000, he worked as a professor of Fine Arts at the Mate Bla\u017eina High School in Labin. He was a member of HDLU (Croatian association of artists) Rijeka.<\/p>\n<p>He focused his creative energy on the classic themes of the human figure, while his main themes were portrait, self-portrait, figure and nude. He is the author of numerous sculptures in public spaces (monument to &#8220;Matija Vla\u010di\u0107 Ilirik&#8221; in Labin, Monument to NOB fighters and victims of war in Buzet, &#8220;Paleolithic man&#8221; in Aran\u0111elovac, sculpture &#8220;James Joyce&#8221; in Pula, &#8220;Bather&#8221; in Rabac) and more than 60 monumental portraits and busts of famous people in stone, marble, bronze and terracotta located in Zagreb, Labin, Pazin, Rovinj, Potpi\u0107an, \u010capljina, Osijek, Drni\u0161, Skopje, Buzet, Pula, Pore\u010d, Medulin, Vrsar, Kanfanar, Kastav, Drinovci, Palmanova, Manzano and many other cities. The works have been exhibited in solo and group exhibitions throughout Croatia and abroad. He was a member and one of the founders of Labin Atelier. He has participated in numerous sculptural symposiums and workshops in Croatia and abroad.<\/p>\n<p>He participated in the Mediterranean Sculpture Symposium on two occasions, in 1985 and 1996.[\/vc_column_text][\/vc_column_inner][vc_column_inner el_class=&#8221;artist-work&#8221; width=&#8221;5\/12&#8243;][vc_column_text el_class=&#8221;artist-work-name&#8221;]Title: Vacation<br \/>\nYear: 1985<br \/>\nDimensions: h.w.l. 115 x 100 x 220 cm<br \/>\nLocation: Rabac, Valamar Bellevue Resort[\/vc_column_text][vc_separator][vc_column_text el_class=&#8221;artist-work-name&#8221;]Title: <a href=\"https:\/\/parkdubrova.eu\/mate-cvrljak-portal\/\">Portal<\/a><br \/>\nYear: 1996<br \/>\nLocation: Ilok[\/vc_column_text][\/vc_column_inner][vc_column_inner el_class=&#8221;grey-bcg&#8221; width=&#8221;1\/12&#8243;][\/vc_column_inner][\/vc_row_inner][vc_row_inner equal_height=&#8221;yes&#8221; el_class=&#8221;artist-gp&#8221;][vc_column_inner el_class=&#8221;grey-bcg&#8221; width=&#8221;1\/12&#8243;][\/vc_column_inner][vc_column_inner el_class=&#8221;artist-separator&#8221; width=&#8221;10\/12&#8243;][vc_column_text el_class=&#8221;artist-gallery&#8221;][\/vc_column_text][\/vc_column_inner][vc_column_inner el_class=&#8221;grey-bcg&#8221; width=&#8221;1\/12&#8243;][\/vc_column_inner][\/vc_row_inner][\/vc_column][\/vc_row][vc_row full_width=&#8221;stretch_row&#8221; el_class=&#8221;grey-bcg pt200&#8243;][vc_column][\/vc_column][\/vc_row]<\/p>\n","protected":false},"excerpt":{"rendered":"<p>[vc_row full_width=&#8221;stretch_row_content_no_spaces&#8221;][vc_column][vc_row_inner][vc_column_inner el_class=&#8221;artist-banner pt665&#8243; width=&#8221;11\/12&#8243; css=&#8221;.vc_custom_1625723012668{background-image: url(https:\/\/parkdubrova.eu\/wp-content\/uploads\/2021\/07\/mate-cvrljak-odmor-2021.jpg?id=7962) !important;background-position: center !important;background-repeat: no-repeat !important;background-size: cover !important;}&#8221;][vc_single_image image=&#8221;7954&#8243; img_size=&#8221;medium&#8221;][\/vc_column_inner][vc_column_inner width=&#8221;1\/12&#8243;][vc_single_image image=&#8221;4650&#8243; img_size=&#8221;120&#215;386&#8243; el_class=&#8221;sculpture-detail&#8221;][\/vc_column_inner][\/vc_row_inner][vc_row_inner equal_height=&#8221;yes&#8221; content_placement=&#8221;middle&#8221; el_class=&#8221;artist-audio&#8221;][vc_column_inner width=&#8221;1\/12&#8243;][\/vc_column_inner][vc_column_inner el_class=&#8221;artist-number&#8221; width=&#8221;1\/12&#8243;][vc_column_text el_class=&#8221;mb0&#8243;] VI [\/vc_column_text][\/vc_column_inner][vc_column_inner width=&#8221;1\/12&#8243; el_id=&#8221;xtoggle-btn&#8221;][vc_column_text el_class=&#8221;audio-icon&#8221;][\/vc_column_text][\/vc_column_inner][vc_column_inner width=&#8221;2\/3&#8243;][vc_column_text el_class=&#8221;audio1 toggle-container&#8221;] [\/vc_column_text][\/vc_column_inner][vc_column_inner width=&#8221;1\/12&#8243;][\/vc_column_inner][\/vc_row_inner][vc_row_inner equal_height=&#8221;yes&#8221; el_class=&#8221;artist-an&#8221;][vc_column_inner el_class=&#8221;grey-bcg&#8221; width=&#8221;1\/12&#8243;][vc_single_image image=&#8221;7128&#8243; img_size=&#8221;full&#8221; onclick=&#8221;custom_link&#8221; el_class=&#8221;artist-arrow-left&#8221; link=&#8221;\/?page_id=4368&#8243;][\/vc_column_inner][vc_column_inner el_class=&#8221;artist&#8221; width=&#8221;5\/6&#8243;][vc_column_text el_class=&#8221;artist-name&#8221;] Mate \u010cvrljak, HRV [\/vc_column_text][vc_column_text el_class=&#8221;artist-birth&#8221;](Konjevrate near&hellip;<\/p>\n","protected":false},"author":2,"featured_media":7960,"parent":0,"menu_order":0,"comment_status":"closed","ping_status":"closed","template":"","meta":[],"yoast_head":"<!-- This site is optimized with the Yoast SEO plugin v17.8 - https:\/\/yoast.com\/wordpress\/plugins\/seo\/ -->\n<title>Mate \u010cvrljak, Vacation, 1985 - Park of sculptures Dubrova<\/title>\n<meta name=\"robots\" content=\"index, follow, max-snippet:-1, max-image-preview:large, max-video-preview:-1\" \/>\n<link rel=\"canonical\" href=\"https:\/\/parkdubrova.eu\/en\/mate-cvrljak-vacation-1985\/\" \/>\n<meta property=\"og:locale\" content=\"en_US\" \/>\n<meta property=\"og:type\" content=\"article\" \/>\n<meta property=\"og:title\" content=\"Mate \u010cvrljak, Vacation, 1985 - Park of sculptures Dubrova\" \/>\n<meta property=\"og:description\" content=\"[vc_row full_width=&#8221;stretch_row_content_no_spaces&#8221;][vc_column][vc_row_inner][vc_column_inner el_class=&#8221;artist-banner pt665&#8243; width=&#8221;11\/12&#8243; css=&#8221;.vc_custom_1625723012668{background-image: url(https:\/\/parkdubrova.eu\/wp-content\/uploads\/2021\/07\/mate-cvrljak-odmor-2021.jpg?id=7962) !important;background-position: center !important;background-repeat: no-repeat !important;background-size: cover !important;}&#8221;][vc_single_image image=&#8221;7954&#8243; img_size=&#8221;medium&#8221;][\/vc_column_inner][vc_column_inner width=&#8221;1\/12&#8243;][vc_single_image image=&#8221;4650&#8243; img_size=&#8221;120&#215;386&#8243; el_class=&#8221;sculpture-detail&#8221;][\/vc_column_inner][\/vc_row_inner][vc_row_inner equal_height=&#8221;yes&#8221; content_placement=&#8221;middle&#8221; el_class=&#8221;artist-audio&#8221;][vc_column_inner width=&#8221;1\/12&#8243;][\/vc_column_inner][vc_column_inner el_class=&#8221;artist-number&#8221; width=&#8221;1\/12&#8243;][vc_column_text el_class=&#8221;mb0&#8243;] VI [\/vc_column_text][\/vc_column_inner][vc_column_inner width=&#8221;1\/12&#8243; el_id=&#8221;xtoggle-btn&#8221;][vc_column_text el_class=&#8221;audio-icon&#8221;][\/vc_column_text][\/vc_column_inner][vc_column_inner width=&#8221;2\/3&#8243;][vc_column_text el_class=&#8221;audio1 toggle-container&#8221;] [\/vc_column_text][\/vc_column_inner][vc_column_inner width=&#8221;1\/12&#8243;][\/vc_column_inner][\/vc_row_inner][vc_row_inner equal_height=&#8221;yes&#8221; el_class=&#8221;artist-an&#8221;][vc_column_inner el_class=&#8221;grey-bcg&#8221; width=&#8221;1\/12&#8243;][vc_single_image image=&#8221;7128&#8243; img_size=&#8221;full&#8221; onclick=&#8221;custom_link&#8221; el_class=&#8221;artist-arrow-left&#8221; link=&#8221;\/?page_id=4368&#8243;][\/vc_column_inner][vc_column_inner el_class=&#8221;artist&#8221; width=&#8221;5\/6&#8243;][vc_column_text el_class=&#8221;artist-name&#8221;] Mate \u010cvrljak, HRV [\/vc_column_text][vc_column_text el_class=&#8221;artist-birth&#8221;](Konjevrate near&hellip;\" \/>\n<meta property=\"og:url\" content=\"https:\/\/parkdubrova.eu\/en\/mate-cvrljak-vacation-1985\/\" \/>\n<meta property=\"og:site_name\" content=\"Park of sculptures Dubrova\" \/>\n<meta property=\"article:publisher\" content=\"https:\/\/www.facebook.com\/ParkSkulpturaDubrova\/\" \/>\n<meta property=\"article:modified_time\" content=\"2021-11-09T12:21:31+00:00\" \/>\n<meta property=\"og:image\" content=\"https:\/\/parkdubrova.eu\/wp-content\/uploads\/2021\/07\/mate-cvrljak-odmor-2021-cube.jpg\" \/>\n\t<meta property=\"og:image:width\" content=\"1991\" \/>\n\t<meta property=\"og:image:height\" content=\"1991\" \/>\n<meta name=\"twitter:card\" content=\"summary_large_image\" \/>\n<meta name=\"twitter:label1\" content=\"Est. reading time\" \/>\n\t<meta name=\"twitter:data1\" content=\"2 minutes\" \/>\n<script type=\"application\/ld+json\" class=\"yoast-schema-graph\">{\"@context\":\"https:\/\/schema.org\",\"@graph\":[{\"@type\":\"Organization\",\"@id\":\"https:\/\/parkdubrova.eu\/#organization\",\"name\":\"park skulptura dubrova\",\"url\":\"https:\/\/parkdubrova.eu\/\",\"sameAs\":[\"https:\/\/www.facebook.com\/ParkSkulpturaDubrova\/\"],\"logo\":{\"@type\":\"ImageObject\",\"@id\":\"https:\/\/parkdubrova.eu\/#logo\",\"inLanguage\":\"en-US\",\"url\":\"https:\/\/parkdubrova.eu\/wp-content\/uploads\/2019\/11\/logo-svijetlo-zeleni.png\",\"contentUrl\":\"https:\/\/parkdubrova.eu\/wp-content\/uploads\/2019\/11\/logo-svijetlo-zeleni.png\",\"width\":309,\"height\":506,\"caption\":\"park skulptura dubrova\"},\"image\":{\"@id\":\"https:\/\/parkdubrova.eu\/#logo\"}},{\"@type\":\"WebSite\",\"@id\":\"https:\/\/parkdubrova.eu\/#website\",\"url\":\"https:\/\/parkdubrova.eu\/\",\"name\":\"Park of sculptures Dubrova\",\"description\":\"Park of sculptures Dubrova\",\"publisher\":{\"@id\":\"https:\/\/parkdubrova.eu\/#organization\"},\"potentialAction\":[{\"@type\":\"SearchAction\",\"target\":{\"@type\":\"EntryPoint\",\"urlTemplate\":\"https:\/\/parkdubrova.eu\/?s={search_term_string}\"},\"query-input\":\"required name=search_term_string\"}],\"inLanguage\":\"en-US\"},{\"@type\":\"ImageObject\",\"@id\":\"https:\/\/parkdubrova.eu\/en\/mate-cvrljak-vacation-1985\/#primaryimage\",\"inLanguage\":\"en-US\",\"url\":\"https:\/\/parkdubrova.eu\/wp-content\/uploads\/2021\/07\/mate-cvrljak-odmor-2021-cube.jpg\",\"contentUrl\":\"https:\/\/parkdubrova.eu\/wp-content\/uploads\/2021\/07\/mate-cvrljak-odmor-2021-cube.jpg\",\"width\":1991,\"height\":1991,\"caption\":\"Mate \\u010cvrljak, Odmor, 2021\"},{\"@type\":\"WebPage\",\"@id\":\"https:\/\/parkdubrova.eu\/en\/mate-cvrljak-vacation-1985\/#webpage\",\"url\":\"https:\/\/parkdubrova.eu\/en\/mate-cvrljak-vacation-1985\/\",\"name\":\"Mate \\u010cvrljak, Vacation, 1985 - Park of sculptures Dubrova\",\"isPartOf\":{\"@id\":\"https:\/\/parkdubrova.eu\/#website\"},\"primaryImageOfPage\":{\"@id\":\"https:\/\/parkdubrova.eu\/en\/mate-cvrljak-vacation-1985\/#primaryimage\"},\"datePublished\":\"2019-11-16T12:50:59+00:00\",\"dateModified\":\"2021-11-09T12:21:31+00:00\",\"breadcrumb\":{\"@id\":\"https:\/\/parkdubrova.eu\/en\/mate-cvrljak-vacation-1985\/#breadcrumb\"},\"inLanguage\":\"en-US\",\"potentialAction\":[{\"@type\":\"ReadAction\",\"target\":[\"https:\/\/parkdubrova.eu\/en\/mate-cvrljak-vacation-1985\/\"]}]},{\"@type\":\"BreadcrumbList\",\"@id\":\"https:\/\/parkdubrova.eu\/en\/mate-cvrljak-vacation-1985\/#breadcrumb\",\"itemListElement\":[{\"@type\":\"ListItem\",\"position\":1,\"name\":\"Home\",\"item\":\"https:\/\/parkdubrova.eu\/en\/\"},{\"@type\":\"ListItem\",\"position\":2,\"name\":\"Mate \\u010cvrljak, Vacation, 1985\"}]}]}<\/script>\n<!-- \/ Yoast SEO plugin. -->","yoast_head_json":{"title":"Mate \u010cvrljak, Vacation, 1985 - Park of sculptures Dubrova","robots":{"index":"index","follow":"follow","max-snippet":"max-snippet:-1","max-image-preview":"max-image-preview:large","max-video-preview":"max-video-preview:-1"},"canonical":"https:\/\/parkdubrova.eu\/en\/mate-cvrljak-vacation-1985\/","og_locale":"en_US","og_type":"article","og_title":"Mate \u010cvrljak, Vacation, 1985 - Park of sculptures Dubrova","og_description":"[vc_row full_width=&#8221;stretch_row_content_no_spaces&#8221;][vc_column][vc_row_inner][vc_column_inner el_class=&#8221;artist-banner pt665&#8243; width=&#8221;11\/12&#8243; css=&#8221;.vc_custom_1625723012668{background-image: url(https:\/\/parkdubrova.eu\/wp-content\/uploads\/2021\/07\/mate-cvrljak-odmor-2021.jpg?id=7962) !important;background-position: center !important;background-repeat: no-repeat !important;background-size: cover !important;}&#8221;][vc_single_image image=&#8221;7954&#8243; img_size=&#8221;medium&#8221;][\/vc_column_inner][vc_column_inner width=&#8221;1\/12&#8243;][vc_single_image image=&#8221;4650&#8243; img_size=&#8221;120&#215;386&#8243; el_class=&#8221;sculpture-detail&#8221;][\/vc_column_inner][\/vc_row_inner][vc_row_inner equal_height=&#8221;yes&#8221; content_placement=&#8221;middle&#8221; el_class=&#8221;artist-audio&#8221;][vc_column_inner width=&#8221;1\/12&#8243;][\/vc_column_inner][vc_column_inner el_class=&#8221;artist-number&#8221; width=&#8221;1\/12&#8243;][vc_column_text el_class=&#8221;mb0&#8243;] VI [\/vc_column_text][\/vc_column_inner][vc_column_inner width=&#8221;1\/12&#8243; el_id=&#8221;xtoggle-btn&#8221;][vc_column_text el_class=&#8221;audio-icon&#8221;][\/vc_column_text][\/vc_column_inner][vc_column_inner width=&#8221;2\/3&#8243;][vc_column_text el_class=&#8221;audio1 toggle-container&#8221;] [\/vc_column_text][\/vc_column_inner][vc_column_inner width=&#8221;1\/12&#8243;][\/vc_column_inner][\/vc_row_inner][vc_row_inner equal_height=&#8221;yes&#8221; el_class=&#8221;artist-an&#8221;][vc_column_inner el_class=&#8221;grey-bcg&#8221; width=&#8221;1\/12&#8243;][vc_single_image image=&#8221;7128&#8243; img_size=&#8221;full&#8221; onclick=&#8221;custom_link&#8221; el_class=&#8221;artist-arrow-left&#8221; link=&#8221;\/?page_id=4368&#8243;][\/vc_column_inner][vc_column_inner el_class=&#8221;artist&#8221; width=&#8221;5\/6&#8243;][vc_column_text el_class=&#8221;artist-name&#8221;] Mate \u010cvrljak, HRV [\/vc_column_text][vc_column_text el_class=&#8221;artist-birth&#8221;](Konjevrate near&hellip;","og_url":"https:\/\/parkdubrova.eu\/en\/mate-cvrljak-vacation-1985\/","og_site_name":"Park of sculptures Dubrova","article_publisher":"https:\/\/www.facebook.com\/ParkSkulpturaDubrova\/","article_modified_time":"2021-11-09T12:21:31+00:00","og_image":[{"width":1991,"height":1991,"url":"https:\/\/parkdubrova.eu\/wp-content\/uploads\/2021\/07\/mate-cvrljak-odmor-2021-cube.jpg","type":"image\/jpeg"}],"twitter_card":"summary_large_image","twitter_misc":{"Est. reading time":"2 minutes"},"schema":{"@context":"https:\/\/schema.org","@graph":[{"@type":"Organization","@id":"https:\/\/parkdubrova.eu\/#organization","name":"park skulptura dubrova","url":"https:\/\/parkdubrova.eu\/","sameAs":["https:\/\/www.facebook.com\/ParkSkulpturaDubrova\/"],"logo":{"@type":"ImageObject","@id":"https:\/\/parkdubrova.eu\/#logo","inLanguage":"en-US","url":"https:\/\/parkdubrova.eu\/wp-content\/uploads\/2019\/11\/logo-svijetlo-zeleni.png","contentUrl":"https:\/\/parkdubrova.eu\/wp-content\/uploads\/2019\/11\/logo-svijetlo-zeleni.png","width":309,"height":506,"caption":"park skulptura dubrova"},"image":{"@id":"https:\/\/parkdubrova.eu\/#logo"}},{"@type":"WebSite","@id":"https:\/\/parkdubrova.eu\/#website","url":"https:\/\/parkdubrova.eu\/","name":"Park of sculptures Dubrova","description":"Park of sculptures Dubrova","publisher":{"@id":"https:\/\/parkdubrova.eu\/#organization"},"potentialAction":[{"@type":"SearchAction","target":{"@type":"EntryPoint","urlTemplate":"https:\/\/parkdubrova.eu\/?s={search_term_string}"},"query-input":"required name=search_term_string"}],"inLanguage":"en-US"},{"@type":"ImageObject","@id":"https:\/\/parkdubrova.eu\/en\/mate-cvrljak-vacation-1985\/#primaryimage","inLanguage":"en-US","url":"https:\/\/parkdubrova.eu\/wp-content\/uploads\/2021\/07\/mate-cvrljak-odmor-2021-cube.jpg","contentUrl":"https:\/\/parkdubrova.eu\/wp-content\/uploads\/2021\/07\/mate-cvrljak-odmor-2021-cube.jpg","width":1991,"height":1991,"caption":"Mate \u010cvrljak, Odmor, 2021"},{"@type":"WebPage","@id":"https:\/\/parkdubrova.eu\/en\/mate-cvrljak-vacation-1985\/#webpage","url":"https:\/\/parkdubrova.eu\/en\/mate-cvrljak-vacation-1985\/","name":"Mate \u010cvrljak, Vacation, 1985 - Park of sculptures Dubrova","isPartOf":{"@id":"https:\/\/parkdubrova.eu\/#website"},"primaryImageOfPage":{"@id":"https:\/\/parkdubrova.eu\/en\/mate-cvrljak-vacation-1985\/#primaryimage"},"datePublished":"2019-11-16T12:50:59+00:00","dateModified":"2021-11-09T12:21:31+00:00","breadcrumb":{"@id":"https:\/\/parkdubrova.eu\/en\/mate-cvrljak-vacation-1985\/#breadcrumb"},"inLanguage":"en-US","potentialAction":[{"@type":"ReadAction","target":["https:\/\/parkdubrova.eu\/en\/mate-cvrljak-vacation-1985\/"]}]},{"@type":"BreadcrumbList","@id":"https:\/\/parkdubrova.eu\/en\/mate-cvrljak-vacation-1985\/#breadcrumb","itemListElement":[{"@type":"ListItem","position":1,"name":"Home","item":"https:\/\/parkdubrova.eu\/en\/"},{"@type":"ListItem","position":2,"name":"Mate \u010cvrljak, Vacation, 1985"}]}]}},"_links":{"self":[{"href":"https:\/\/parkdubrova.eu\/en\/wp-json\/wp\/v2\/pages\/8238"}],"collection":[{"href":"https:\/\/parkdubrova.eu\/en\/wp-json\/wp\/v2\/pages"}],"about":[{"href":"https:\/\/parkdubrova.eu\/en\/wp-json\/wp\/v2\/types\/page"}],"author":[{"embeddable":true,"href":"https:\/\/parkdubrova.eu\/en\/wp-json\/wp\/v2\/users\/2"}],"replies":[{"embeddable":true,"href":"https:\/\/parkdubrova.eu\/en\/wp-json\/wp\/v2\/comments?post=8238"}],"version-history":[{"count":5,"href":"https:\/\/parkdubrova.eu\/en\/wp-json\/wp\/v2\/pages\/8238\/revisions"}],"predecessor-version":[{"id":8245,"href":"https:\/\/parkdubrova.eu\/en\/wp-json\/wp\/v2\/pages\/8238\/revisions\/8245"}],"wp:featuredmedia":[{"embeddable":true,"href":"https:\/\/parkdubrova.eu\/en\/wp-json\/wp\/v2\/media\/7960"}],"wp:attachment":[{"href":"https:\/\/parkdubrova.eu\/en\/wp-json\/wp\/v2\/media?parent=8238"}],"curies":[{"name":"wp","href":"https:\/\/api.w.org\/{rel}","templated":true}]}}