{"id":6189,"date":"2019-11-16T13:13:22","date_gmt":"2019-11-16T13:13:22","guid":{"rendered":"https:\/\/parkdubrova.eu\/mladen-mikulin\/"},"modified":"2021-03-09T06:27:11","modified_gmt":"2021-03-09T06:27:11","slug":"mladen-mikulin-on-the-bench-1991","status":"publish","type":"page","link":"https:\/\/parkdubrova.eu\/en\/mladen-mikulin-on-the-bench-1991\/","title":{"rendered":"Mladen Mikulin, On the bench, 1991"},"content":{"rendered":"<p>[vc_row full_width=&#8221;stretch_row_content_no_spaces&#8221;][vc_column][vc_row_inner][vc_column_inner el_class=&#8221;artist-banner pt665&#8243; width=&#8221;11\/12&#8243; css=&#8221;.vc_custom_1599542884493{background-image: url(https:\/\/parkdubrova.eu\/wp-content\/uploads\/2020\/09\/MM_91_baner_1300x655_1.jpg?id=2990) !important;background-position: center !important;background-repeat: no-repeat !important;background-size: cover !important;}&#8221;][vc_single_image image=&#8221;6191&#8243; img_size=&#8221;medium&#8221;][\/vc_column_inner][vc_column_inner width=&#8221;1\/12&#8243;][vc_single_image image=&#8221;4650&#8243; img_size=&#8221;120&#215;386&#8243; el_class=&#8221;sculpture-detail&#8221;][\/vc_column_inner][\/vc_row_inner][vc_row_inner equal_height=&#8221;yes&#8221; content_placement=&#8221;middle&#8221; el_class=&#8221;artist-audio&#8221;][vc_column_inner width=&#8221;1\/12&#8243;][\/vc_column_inner][vc_column_inner el_class=&#8221;artist-number&#8221; width=&#8221;1\/12&#8243;][vc_column_text el_class=&#8221;mb0&#8243;]<\/p>\n<h2>24<\/h2>\n<p>[\/vc_column_text][\/vc_column_inner][vc_column_inner width=&#8221;1\/12&#8243; el_id=&#8221;xtoggle-btn&#8221;][vc_column_text el_class=&#8221;audio-icon&#8221;][\/vc_column_text][\/vc_column_inner][vc_column_inner width=&#8221;2\/3&#8243;][vc_column_text el_class=&#8221;audio1 toggle-container&#8221;]<\/p>\n<!--[if lt IE 9]><script>document.createElement('audio');<\/script><![endif]-->\n<audio class=\"wp-audio-shortcode\" id=\"audio-6189-1\" preload=\"none\" style=\"width: 100%;\" controls=\"controls\"><source type=\"audio\/wav\" src=\"\/wp-content\/uploads\/2020\/03\/24-Mladen-Mikulin.wav?_=1\" \/><a href=\"\/wp-content\/uploads\/2020\/03\/24-Mladen-Mikulin.wav\">\/wp-content\/uploads\/2020\/03\/24-Mladen-Mikulin.wav<\/a><\/audio>\n<p>[\/vc_column_text][\/vc_column_inner][vc_column_inner width=&#8221;1\/12&#8243;][\/vc_column_inner][\/vc_row_inner][vc_row_inner equal_height=&#8221;yes&#8221; el_class=&#8221;artist-an&#8221;][vc_column_inner el_class=&#8221;grey-bcg&#8221; width=&#8221;1\/12&#8243;][vc_single_image image=&#8221;7128&#8243; img_size=&#8221;full&#8221; onclick=&#8221;custom_link&#8221; el_class=&#8221;artist-arrow-left&#8221; link=&#8221;\/?page_id=1016&#8243;][\/vc_column_inner][vc_column_inner el_class=&#8221;artist&#8221; width=&#8221;5\/6&#8243;][vc_column_text el_class=&#8221;artist-name&#8221;]<\/p>\n<h2>Mladen Mikulin, HRV<\/h2>\n<p>[\/vc_column_text][vc_column_text el_class=&#8221;artist-birth&#8221;](Velika Gorica, 1958)[\/vc_column_text][\/vc_column_inner][vc_column_inner el_class=&#8221;grey-bcg&#8221; width=&#8221;1\/12&#8243;][vc_single_image image=&#8221;376&#8243; img_size=&#8221;full&#8221; onclick=&#8221;custom_link&#8221; el_class=&#8221;artist-arrow-right&#8221; link=&#8221;\/?page_id=1020&#8243;][\/vc_column_inner][\/vc_row_inner][vc_row_inner equal_height=&#8221;yes&#8221; el_class=&#8221;columns-hgt-500 artist-an&#8221;][vc_column_inner el_class=&#8221;grey-bcg&#8221; width=&#8221;1\/12&#8243;][\/vc_column_inner][vc_column_inner el_class=&#8221;artist-bio&#8221; width=&#8221;5\/12&#8243;][vc_column_text]He was born in Velika Gorica in 1958. He earned a degree in sculpture from the Academy of Fine Arts in Zagreb in 1986, in the class of Prof. Branko Ru\u017ei\u0107. He works as a professor of sculpture at the Academy of Applied Arts in Rijeka.<\/p>\n<p>He has exhibited in numerous solo and group exhibitions at home and abroad. He is the author of numerous sculptures placed in public spaces in Croatia and abroad, such as the monuments to Cardinal Stepinac in Munich and Melbourne and the monument to Bartol Ka\u0161i\u0107 in Rome. He made a tombstone with the portrait of Jim Morrison in the Paris cemetery of P\u00e8re-Lachaise in 1981.<\/p>\n<p>He has won numerous awards and recognitions for his work.<\/p>\n<p>He took part in the Mediterranean Sculpture Symposium in 1991.[\/vc_column_text][\/vc_column_inner][vc_column_inner el_class=&#8221;artist-work&#8221; width=&#8221;5\/12&#8243;][vc_column_text el_class=&#8221;artist-work-name&#8221;]Title: On the bench<br \/>\nYear: 1991<br \/>\nDimensions: h.w.l. 270 x 80 x 185 cm<br \/>\nLocation: Park of sculptures Dubrova[\/vc_column_text][\/vc_column_inner][vc_column_inner el_class=&#8221;grey-bcg&#8221; width=&#8221;1\/12&#8243;][\/vc_column_inner][\/vc_row_inner][vc_row_inner equal_height=&#8221;yes&#8221; el_class=&#8221;artist-gp&#8221;][vc_column_inner el_class=&#8221;grey-bcg&#8221; width=&#8221;1\/12&#8243;][\/vc_column_inner][vc_column_inner el_class=&#8221;artist-separator&#8221; width=&#8221;10\/12&#8243;][vc_column_text]<div id=\"envira-gallery-wrap-6198\" class=\"envira-gallery-wrap envira-gallery-theme-base envira-lightbox-theme-base\" itemscope itemtype=\"https:\/\/schema.org\/ImageGallery\"><div data-row-height=\"400\" data-gallery-theme=\"normal\" id=\"envira-gallery-6198\" class=\"envira-gallery-public envira-gallery-justified-public envira-gallery-0-columns envira-clear enviratope envira-gallery-css-animations\" data-envira-columns=\"0\"><div id=\"envira-gallery-item-2994\" class=\"envira-gallery-item enviratope-item envira-gallery-item-1\" style=\"padding-left: 5px; padding-bottom: 10px; padding-right: 5px;\"  itemscope itemtype=\"https:\/\/schema.org\/ImageObject\"><div class=\"envira-gallery-item-inner\"><div class=\"envira-gallery-position-overlay  envira-gallery-top-left\"><\/div><div class=\"envira-gallery-position-overlay  envira-gallery-top-right\"><\/div><div class=\"envira-gallery-position-overlay  envira-gallery-bottom-left\"><\/div><div class=\"envira-gallery-position-overlay  envira-gallery-bottom-right\"><\/div><a href=\"https:\/\/parkdubrova.eu\/wp-content\/uploads\/2020\/09\/mladen-mikulin-na-klupi-1991-01.jpg\" class=\"envira-gallery-6198 envira-gallery-link\" rel=\"enviragallery6198\" title=\"Mladen Mikulin, On the bench, 1991\" data-envira-caption=\"Mladen Mikulin, On the bench, 1991\" data-envira-retina=\"\" data-thumbnail=\"\"  itemprop=\"contentUrl\"><img id=\"envira-gallery-image-2994\" class=\"envira-gallery-image envira-gallery-image-1 envira-normal \" data-envira-index=\"1\" src=\"https:\/\/parkdubrova.eu\/wp-content\/uploads\/2020\/09\/mladen-mikulin-na-klupi-1991-01-1000x667-640x480.jpg\" data-envira-src=\"https:\/\/parkdubrova.eu\/wp-content\/uploads\/2020\/09\/mladen-mikulin-na-klupi-1991-01-1000x667-640x480.jpg\" data-envira-gallery-id=\"6198\" data-envira-item-id=\"2994\" data-envira-caption=\"Mladen Mikulin, On the bench, 1991\" alt=\"Mladen Mikulin, On the bench, 1991\" title=\"Mladen Mikulin, On the bench, 1991\"  itemprop=\"thumbnailUrl\" data-envira-srcset=\"https:\/\/parkdubrova.eu\/wp-content\/uploads\/2020\/09\/mladen-mikulin-na-klupi-1991-01-1000x667-640x480.jpg 400w,https:\/\/parkdubrova.eu\/wp-content\/uploads\/2020\/09\/mladen-mikulin-na-klupi-1991-01-1000x667-640x480.jpg 2x\" data-envira-width=\"1000\" data-envira-height=\"667\" srcset=\"https:\/\/parkdubrova.eu\/wp-content\/uploads\/2020\/09\/mladen-mikulin-na-klupi-1991-01-scaled-1280x960.jpg 2x\" data-safe-src=\"https:\/\/parkdubrova.eu\/wp-content\/uploads\/2020\/09\/mladen-mikulin-na-klupi-1991-01-1000x667-640x480.jpg\" \/><\/a><\/div><\/div><div id=\"envira-gallery-item-2995\" class=\"envira-gallery-item enviratope-item envira-gallery-item-2\" style=\"padding-left: 5px; padding-bottom: 10px; padding-right: 5px;\"  itemscope itemtype=\"https:\/\/schema.org\/ImageObject\"><div class=\"envira-gallery-item-inner\"><div class=\"envira-gallery-position-overlay  envira-gallery-top-left\"><\/div><div class=\"envira-gallery-position-overlay  envira-gallery-top-right\"><\/div><div class=\"envira-gallery-position-overlay  envira-gallery-bottom-left\"><\/div><div class=\"envira-gallery-position-overlay  envira-gallery-bottom-right\"><\/div><a href=\"https:\/\/parkdubrova.eu\/wp-content\/uploads\/2020\/09\/mladen-mikulin-na-klupi-1991-02.jpg\" class=\"envira-gallery-6198 envira-gallery-link\" rel=\"enviragallery6198\" title=\"Mladen Mikulin, On the bench, 1991\" data-envira-caption=\"Mladen Mikulin, On the bench, 1991\" data-envira-retina=\"\" data-thumbnail=\"\"  itemprop=\"contentUrl\"><img id=\"envira-gallery-image-2995\" class=\"envira-gallery-image envira-gallery-image-2 envira-normal \" data-envira-index=\"2\" src=\"https:\/\/parkdubrova.eu\/wp-content\/uploads\/2020\/09\/mladen-mikulin-na-klupi-1991-02-1000x667-640x480.jpg\" data-envira-src=\"https:\/\/parkdubrova.eu\/wp-content\/uploads\/2020\/09\/mladen-mikulin-na-klupi-1991-02-1000x667-640x480.jpg\" data-envira-gallery-id=\"6198\" data-envira-item-id=\"2995\" data-envira-caption=\"Mladen Mikulin, On the bench, 1991\" alt=\"Mladen Mikulin, On the bench, 1991\" title=\"Mladen Mikulin, On the bench, 1991\"  itemprop=\"thumbnailUrl\" data-envira-srcset=\"https:\/\/parkdubrova.eu\/wp-content\/uploads\/2020\/09\/mladen-mikulin-na-klupi-1991-02-1000x667-640x480.jpg 400w,https:\/\/parkdubrova.eu\/wp-content\/uploads\/2020\/09\/mladen-mikulin-na-klupi-1991-02-1000x667-640x480.jpg 2x\" data-envira-width=\"1000\" data-envira-height=\"667\" srcset=\"https:\/\/parkdubrova.eu\/wp-content\/uploads\/2020\/09\/mladen-mikulin-na-klupi-1991-02-scaled-1280x960.jpg 2x\" data-safe-src=\"https:\/\/parkdubrova.eu\/wp-content\/uploads\/2020\/09\/mladen-mikulin-na-klupi-1991-02-1000x667-640x480.jpg\" \/><\/a><\/div><\/div><div id=\"envira-gallery-item-2996\" class=\"envira-gallery-item enviratope-item envira-gallery-item-3\" style=\"padding-left: 5px; padding-bottom: 10px; padding-right: 5px;\"  itemscope itemtype=\"https:\/\/schema.org\/ImageObject\"><div class=\"envira-gallery-item-inner\"><div class=\"envira-gallery-position-overlay  envira-gallery-top-left\"><\/div><div class=\"envira-gallery-position-overlay  envira-gallery-top-right\"><\/div><div class=\"envira-gallery-position-overlay  envira-gallery-bottom-left\"><\/div><div class=\"envira-gallery-position-overlay  envira-gallery-bottom-right\"><\/div><a href=\"https:\/\/parkdubrova.eu\/wp-content\/uploads\/2020\/09\/mladen-mikulin-na-klupi-1991-03.jpg\" class=\"envira-gallery-6198 envira-gallery-link\" rel=\"enviragallery6198\" title=\"Mladen Mikulin, On the bench, 1991\" data-envira-caption=\"Mladen Mikulin, On the bench, 1991\" data-envira-retina=\"\" data-thumbnail=\"\"  itemprop=\"contentUrl\"><img id=\"envira-gallery-image-2996\" class=\"envira-gallery-image envira-gallery-image-3 envira-normal \" data-envira-index=\"3\" src=\"https:\/\/parkdubrova.eu\/wp-content\/uploads\/2020\/09\/mladen-mikulin-na-klupi-1991-03-667x1000-640x480.jpg\" data-envira-src=\"https:\/\/parkdubrova.eu\/wp-content\/uploads\/2020\/09\/mladen-mikulin-na-klupi-1991-03-667x1000-640x480.jpg\" data-envira-gallery-id=\"6198\" data-envira-item-id=\"2996\" data-envira-caption=\"Mladen Mikulin, On the bench, 1991\" alt=\"Mladen Mikulin, On the bench, 1991\" title=\"Mladen Mikulin, On the bench, 1991\"  itemprop=\"thumbnailUrl\" data-envira-srcset=\"https:\/\/parkdubrova.eu\/wp-content\/uploads\/2020\/09\/mladen-mikulin-na-klupi-1991-03-667x1000-640x480.jpg 400w,https:\/\/parkdubrova.eu\/wp-content\/uploads\/2020\/09\/mladen-mikulin-na-klupi-1991-03-667x1000-640x480.jpg 2x\" data-envira-width=\"667\" data-envira-height=\"1000\" srcset=\"https:\/\/parkdubrova.eu\/wp-content\/uploads\/2020\/09\/mladen-mikulin-na-klupi-1991-03-scaled-1280x960.jpg 2x\" data-safe-src=\"https:\/\/parkdubrova.eu\/wp-content\/uploads\/2020\/09\/mladen-mikulin-na-klupi-1991-03-667x1000-640x480.jpg\" \/><\/a><\/div><\/div><\/div><\/div><noscript><img src=\"https:\/\/parkdubrova.eu\/wp-content\/uploads\/2020\/09\/mladen-mikulin-na-klupi-1991-01-scaled.jpg\" alt=\"Mladen Mikulin, On the bench, 1991\" \/><img src=\"https:\/\/parkdubrova.eu\/wp-content\/uploads\/2020\/09\/mladen-mikulin-na-klupi-1991-02-scaled.jpg\" alt=\"Mladen Mikulin, On the bench, 1991\" \/><img src=\"https:\/\/parkdubrova.eu\/wp-content\/uploads\/2020\/09\/mladen-mikulin-na-klupi-1991-03-scaled.jpg\" alt=\"Mladen Mikulin, On the bench, 1991\" \/><\/noscript>[\/vc_column_text][\/vc_column_inner][vc_column_inner el_class=&#8221;grey-bcg&#8221; width=&#8221;1\/12&#8243;][\/vc_column_inner][\/vc_row_inner][\/vc_column][\/vc_row][vc_row full_width=&#8221;stretch_row&#8221; el_class=&#8221;grey-bcg pt200&#8243;][vc_column][\/vc_column][\/vc_row]<\/p>\n","protected":false},"excerpt":{"rendered":"<p>[vc_row full_width=&#8221;stretch_row_content_no_spaces&#8221;][vc_column][vc_row_inner][vc_column_inner el_class=&#8221;artist-banner pt665&#8243; width=&#8221;11\/12&#8243; css=&#8221;.vc_custom_1599542884493{background-image: url(https:\/\/parkdubrova.eu\/wp-content\/uploads\/2020\/09\/MM_91_baner_1300x655_1.jpg?id=2990) !important;background-position: center !important;background-repeat: no-repeat !important;background-size: cover !important;}&#8221;][vc_single_image image=&#8221;6191&#8243; img_size=&#8221;medium&#8221;][\/vc_column_inner][vc_column_inner width=&#8221;1\/12&#8243;][vc_single_image image=&#8221;4650&#8243; img_size=&#8221;120&#215;386&#8243; el_class=&#8221;sculpture-detail&#8221;][\/vc_column_inner][\/vc_row_inner][vc_row_inner equal_height=&#8221;yes&#8221; content_placement=&#8221;middle&#8221; el_class=&#8221;artist-audio&#8221;][vc_column_inner width=&#8221;1\/12&#8243;][\/vc_column_inner][vc_column_inner el_class=&#8221;artist-number&#8221; width=&#8221;1\/12&#8243;][vc_column_text el_class=&#8221;mb0&#8243;] 24 [\/vc_column_text][\/vc_column_inner][vc_column_inner width=&#8221;1\/12&#8243; el_id=&#8221;xtoggle-btn&#8221;][vc_column_text el_class=&#8221;audio-icon&#8221;][\/vc_column_text][\/vc_column_inner][vc_column_inner width=&#8221;2\/3&#8243;][vc_column_text el_class=&#8221;audio1 toggle-container&#8221;] [\/vc_column_text][\/vc_column_inner][vc_column_inner width=&#8221;1\/12&#8243;][\/vc_column_inner][\/vc_row_inner][vc_row_inner equal_height=&#8221;yes&#8221; el_class=&#8221;artist-an&#8221;][vc_column_inner el_class=&#8221;grey-bcg&#8221; width=&#8221;1\/12&#8243;][vc_single_image image=&#8221;7128&#8243; img_size=&#8221;full&#8221; onclick=&#8221;custom_link&#8221; el_class=&#8221;artist-arrow-left&#8221; link=&#8221;\/?page_id=1016&#8243;][\/vc_column_inner][vc_column_inner el_class=&#8221;artist&#8221; width=&#8221;5\/6&#8243;][vc_column_text el_class=&#8221;artist-name&#8221;] Mladen Mikulin, HRV [\/vc_column_text][vc_column_text el_class=&#8221;artist-birth&#8221;](Velika Gorica,&hellip;<\/p>\n","protected":false},"author":2,"featured_media":6191,"parent":0,"menu_order":0,"comment_status":"closed","ping_status":"closed","template":"","meta":[],"yoast_head":"<!-- This site is optimized with the Yoast SEO plugin v17.8 - https:\/\/yoast.com\/wordpress\/plugins\/seo\/ -->\n<title>Mladen Mikulin, On the bench, 1991 - Park of sculptures Dubrova<\/title>\n<meta name=\"robots\" content=\"index, follow, max-snippet:-1, max-image-preview:large, max-video-preview:-1\" \/>\n<link rel=\"canonical\" href=\"https:\/\/parkdubrova.eu\/en\/mladen-mikulin-on-the-bench-1991\/\" \/>\n<meta property=\"og:locale\" content=\"en_US\" \/>\n<meta property=\"og:type\" content=\"article\" \/>\n<meta property=\"og:title\" content=\"Mladen Mikulin, On the bench, 1991 - Park of sculptures Dubrova\" \/>\n<meta property=\"og:description\" content=\"[vc_row full_width=&#8221;stretch_row_content_no_spaces&#8221;][vc_column][vc_row_inner][vc_column_inner el_class=&#8221;artist-banner pt665&#8243; width=&#8221;11\/12&#8243; css=&#8221;.vc_custom_1599542884493{background-image: url(https:\/\/parkdubrova.eu\/wp-content\/uploads\/2020\/09\/MM_91_baner_1300x655_1.jpg?id=2990) !important;background-position: center !important;background-repeat: no-repeat !important;background-size: cover !important;}&#8221;][vc_single_image image=&#8221;6191&#8243; img_size=&#8221;medium&#8221;][\/vc_column_inner][vc_column_inner width=&#8221;1\/12&#8243;][vc_single_image image=&#8221;4650&#8243; img_size=&#8221;120&#215;386&#8243; el_class=&#8221;sculpture-detail&#8221;][\/vc_column_inner][\/vc_row_inner][vc_row_inner equal_height=&#8221;yes&#8221; content_placement=&#8221;middle&#8221; el_class=&#8221;artist-audio&#8221;][vc_column_inner width=&#8221;1\/12&#8243;][\/vc_column_inner][vc_column_inner el_class=&#8221;artist-number&#8221; width=&#8221;1\/12&#8243;][vc_column_text el_class=&#8221;mb0&#8243;] 24 [\/vc_column_text][\/vc_column_inner][vc_column_inner width=&#8221;1\/12&#8243; el_id=&#8221;xtoggle-btn&#8221;][vc_column_text el_class=&#8221;audio-icon&#8221;][\/vc_column_text][\/vc_column_inner][vc_column_inner width=&#8221;2\/3&#8243;][vc_column_text el_class=&#8221;audio1 toggle-container&#8221;] [\/vc_column_text][\/vc_column_inner][vc_column_inner width=&#8221;1\/12&#8243;][\/vc_column_inner][\/vc_row_inner][vc_row_inner equal_height=&#8221;yes&#8221; el_class=&#8221;artist-an&#8221;][vc_column_inner el_class=&#8221;grey-bcg&#8221; width=&#8221;1\/12&#8243;][vc_single_image image=&#8221;7128&#8243; img_size=&#8221;full&#8221; onclick=&#8221;custom_link&#8221; el_class=&#8221;artist-arrow-left&#8221; link=&#8221;\/?page_id=1016&#8243;][\/vc_column_inner][vc_column_inner el_class=&#8221;artist&#8221; width=&#8221;5\/6&#8243;][vc_column_text el_class=&#8221;artist-name&#8221;] Mladen Mikulin, HRV [\/vc_column_text][vc_column_text el_class=&#8221;artist-birth&#8221;](Velika Gorica,&hellip;\" \/>\n<meta property=\"og:url\" content=\"https:\/\/parkdubrova.eu\/en\/mladen-mikulin-on-the-bench-1991\/\" \/>\n<meta property=\"og:site_name\" content=\"Park of sculptures Dubrova\" \/>\n<meta property=\"article:publisher\" content=\"https:\/\/www.facebook.com\/ParkSkulpturaDubrova\/\" \/>\n<meta property=\"article:modified_time\" content=\"2021-03-09T06:27:11+00:00\" \/>\n<meta property=\"og:image\" content=\"https:\/\/parkdubrova.eu\/wp-content\/uploads\/2020\/12\/mladen-mikulin-na-klupi-1991-cube.jpg\" \/>\n\t<meta property=\"og:image:width\" content=\"1000\" \/>\n\t<meta property=\"og:image:height\" content=\"1000\" \/>\n<meta name=\"twitter:card\" content=\"summary_large_image\" \/>\n<meta name=\"twitter:label1\" content=\"Est. reading time\" \/>\n\t<meta name=\"twitter:data1\" content=\"3 minutes\" \/>\n<script type=\"application\/ld+json\" class=\"yoast-schema-graph\">{\"@context\":\"https:\/\/schema.org\",\"@graph\":[{\"@type\":\"Organization\",\"@id\":\"https:\/\/parkdubrova.eu\/#organization\",\"name\":\"park skulptura dubrova\",\"url\":\"https:\/\/parkdubrova.eu\/\",\"sameAs\":[\"https:\/\/www.facebook.com\/ParkSkulpturaDubrova\/\"],\"logo\":{\"@type\":\"ImageObject\",\"@id\":\"https:\/\/parkdubrova.eu\/#logo\",\"inLanguage\":\"en-US\",\"url\":\"https:\/\/parkdubrova.eu\/wp-content\/uploads\/2019\/11\/logo-svijetlo-zeleni.png\",\"contentUrl\":\"https:\/\/parkdubrova.eu\/wp-content\/uploads\/2019\/11\/logo-svijetlo-zeleni.png\",\"width\":309,\"height\":506,\"caption\":\"park skulptura dubrova\"},\"image\":{\"@id\":\"https:\/\/parkdubrova.eu\/#logo\"}},{\"@type\":\"WebSite\",\"@id\":\"https:\/\/parkdubrova.eu\/#website\",\"url\":\"https:\/\/parkdubrova.eu\/\",\"name\":\"Park of sculptures Dubrova\",\"description\":\"Park of sculptures Dubrova\",\"publisher\":{\"@id\":\"https:\/\/parkdubrova.eu\/#organization\"},\"potentialAction\":[{\"@type\":\"SearchAction\",\"target\":{\"@type\":\"EntryPoint\",\"urlTemplate\":\"https:\/\/parkdubrova.eu\/?s={search_term_string}\"},\"query-input\":\"required name=search_term_string\"}],\"inLanguage\":\"en-US\"},{\"@type\":\"ImageObject\",\"@id\":\"https:\/\/parkdubrova.eu\/en\/mladen-mikulin-on-the-bench-1991\/#primaryimage\",\"inLanguage\":\"en-US\",\"url\":\"https:\/\/parkdubrova.eu\/wp-content\/uploads\/2020\/12\/mladen-mikulin-na-klupi-1991-cube.jpg\",\"contentUrl\":\"https:\/\/parkdubrova.eu\/wp-content\/uploads\/2020\/12\/mladen-mikulin-na-klupi-1991-cube.jpg\",\"width\":1000,\"height\":1000},{\"@type\":\"WebPage\",\"@id\":\"https:\/\/parkdubrova.eu\/en\/mladen-mikulin-on-the-bench-1991\/#webpage\",\"url\":\"https:\/\/parkdubrova.eu\/en\/mladen-mikulin-on-the-bench-1991\/\",\"name\":\"Mladen Mikulin, On the bench, 1991 - Park of sculptures Dubrova\",\"isPartOf\":{\"@id\":\"https:\/\/parkdubrova.eu\/#website\"},\"primaryImageOfPage\":{\"@id\":\"https:\/\/parkdubrova.eu\/en\/mladen-mikulin-on-the-bench-1991\/#primaryimage\"},\"datePublished\":\"2019-11-16T13:13:22+00:00\",\"dateModified\":\"2021-03-09T06:27:11+00:00\",\"breadcrumb\":{\"@id\":\"https:\/\/parkdubrova.eu\/en\/mladen-mikulin-on-the-bench-1991\/#breadcrumb\"},\"inLanguage\":\"en-US\",\"potentialAction\":[{\"@type\":\"ReadAction\",\"target\":[\"https:\/\/parkdubrova.eu\/en\/mladen-mikulin-on-the-bench-1991\/\"]}]},{\"@type\":\"BreadcrumbList\",\"@id\":\"https:\/\/parkdubrova.eu\/en\/mladen-mikulin-on-the-bench-1991\/#breadcrumb\",\"itemListElement\":[{\"@type\":\"ListItem\",\"position\":1,\"name\":\"Home\",\"item\":\"https:\/\/parkdubrova.eu\/en\/\"},{\"@type\":\"ListItem\",\"position\":2,\"name\":\"Mladen Mikulin, On the bench, 1991\"}]}]}<\/script>\n<!-- \/ Yoast SEO plugin. -->","yoast_head_json":{"title":"Mladen Mikulin, On the bench, 1991 - Park of sculptures Dubrova","robots":{"index":"index","follow":"follow","max-snippet":"max-snippet:-1","max-image-preview":"max-image-preview:large","max-video-preview":"max-video-preview:-1"},"canonical":"https:\/\/parkdubrova.eu\/en\/mladen-mikulin-on-the-bench-1991\/","og_locale":"en_US","og_type":"article","og_title":"Mladen Mikulin, On the bench, 1991 - Park of sculptures Dubrova","og_description":"[vc_row full_width=&#8221;stretch_row_content_no_spaces&#8221;][vc_column][vc_row_inner][vc_column_inner el_class=&#8221;artist-banner pt665&#8243; width=&#8221;11\/12&#8243; css=&#8221;.vc_custom_1599542884493{background-image: url(https:\/\/parkdubrova.eu\/wp-content\/uploads\/2020\/09\/MM_91_baner_1300x655_1.jpg?id=2990) !important;background-position: center !important;background-repeat: no-repeat !important;background-size: cover !important;}&#8221;][vc_single_image image=&#8221;6191&#8243; img_size=&#8221;medium&#8221;][\/vc_column_inner][vc_column_inner width=&#8221;1\/12&#8243;][vc_single_image image=&#8221;4650&#8243; img_size=&#8221;120&#215;386&#8243; el_class=&#8221;sculpture-detail&#8221;][\/vc_column_inner][\/vc_row_inner][vc_row_inner equal_height=&#8221;yes&#8221; content_placement=&#8221;middle&#8221; el_class=&#8221;artist-audio&#8221;][vc_column_inner width=&#8221;1\/12&#8243;][\/vc_column_inner][vc_column_inner el_class=&#8221;artist-number&#8221; width=&#8221;1\/12&#8243;][vc_column_text el_class=&#8221;mb0&#8243;] 24 [\/vc_column_text][\/vc_column_inner][vc_column_inner width=&#8221;1\/12&#8243; el_id=&#8221;xtoggle-btn&#8221;][vc_column_text el_class=&#8221;audio-icon&#8221;][\/vc_column_text][\/vc_column_inner][vc_column_inner width=&#8221;2\/3&#8243;][vc_column_text el_class=&#8221;audio1 toggle-container&#8221;] [\/vc_column_text][\/vc_column_inner][vc_column_inner width=&#8221;1\/12&#8243;][\/vc_column_inner][\/vc_row_inner][vc_row_inner equal_height=&#8221;yes&#8221; el_class=&#8221;artist-an&#8221;][vc_column_inner el_class=&#8221;grey-bcg&#8221; width=&#8221;1\/12&#8243;][vc_single_image image=&#8221;7128&#8243; img_size=&#8221;full&#8221; onclick=&#8221;custom_link&#8221; el_class=&#8221;artist-arrow-left&#8221; link=&#8221;\/?page_id=1016&#8243;][\/vc_column_inner][vc_column_inner el_class=&#8221;artist&#8221; width=&#8221;5\/6&#8243;][vc_column_text el_class=&#8221;artist-name&#8221;] Mladen Mikulin, HRV [\/vc_column_text][vc_column_text el_class=&#8221;artist-birth&#8221;](Velika Gorica,&hellip;","og_url":"https:\/\/parkdubrova.eu\/en\/mladen-mikulin-on-the-bench-1991\/","og_site_name":"Park of sculptures Dubrova","article_publisher":"https:\/\/www.facebook.com\/ParkSkulpturaDubrova\/","article_modified_time":"2021-03-09T06:27:11+00:00","og_image":[{"width":1000,"height":1000,"url":"https:\/\/parkdubrova.eu\/wp-content\/uploads\/2020\/12\/mladen-mikulin-na-klupi-1991-cube.jpg","type":"image\/jpeg"}],"twitter_card":"summary_large_image","twitter_misc":{"Est. reading time":"3 minutes"},"schema":{"@context":"https:\/\/schema.org","@graph":[{"@type":"Organization","@id":"https:\/\/parkdubrova.eu\/#organization","name":"park skulptura dubrova","url":"https:\/\/parkdubrova.eu\/","sameAs":["https:\/\/www.facebook.com\/ParkSkulpturaDubrova\/"],"logo":{"@type":"ImageObject","@id":"https:\/\/parkdubrova.eu\/#logo","inLanguage":"en-US","url":"https:\/\/parkdubrova.eu\/wp-content\/uploads\/2019\/11\/logo-svijetlo-zeleni.png","contentUrl":"https:\/\/parkdubrova.eu\/wp-content\/uploads\/2019\/11\/logo-svijetlo-zeleni.png","width":309,"height":506,"caption":"park skulptura dubrova"},"image":{"@id":"https:\/\/parkdubrova.eu\/#logo"}},{"@type":"WebSite","@id":"https:\/\/parkdubrova.eu\/#website","url":"https:\/\/parkdubrova.eu\/","name":"Park of sculptures Dubrova","description":"Park of sculptures Dubrova","publisher":{"@id":"https:\/\/parkdubrova.eu\/#organization"},"potentialAction":[{"@type":"SearchAction","target":{"@type":"EntryPoint","urlTemplate":"https:\/\/parkdubrova.eu\/?s={search_term_string}"},"query-input":"required name=search_term_string"}],"inLanguage":"en-US"},{"@type":"ImageObject","@id":"https:\/\/parkdubrova.eu\/en\/mladen-mikulin-on-the-bench-1991\/#primaryimage","inLanguage":"en-US","url":"https:\/\/parkdubrova.eu\/wp-content\/uploads\/2020\/12\/mladen-mikulin-na-klupi-1991-cube.jpg","contentUrl":"https:\/\/parkdubrova.eu\/wp-content\/uploads\/2020\/12\/mladen-mikulin-na-klupi-1991-cube.jpg","width":1000,"height":1000},{"@type":"WebPage","@id":"https:\/\/parkdubrova.eu\/en\/mladen-mikulin-on-the-bench-1991\/#webpage","url":"https:\/\/parkdubrova.eu\/en\/mladen-mikulin-on-the-bench-1991\/","name":"Mladen Mikulin, On the bench, 1991 - Park of sculptures Dubrova","isPartOf":{"@id":"https:\/\/parkdubrova.eu\/#website"},"primaryImageOfPage":{"@id":"https:\/\/parkdubrova.eu\/en\/mladen-mikulin-on-the-bench-1991\/#primaryimage"},"datePublished":"2019-11-16T13:13:22+00:00","dateModified":"2021-03-09T06:27:11+00:00","breadcrumb":{"@id":"https:\/\/parkdubrova.eu\/en\/mladen-mikulin-on-the-bench-1991\/#breadcrumb"},"inLanguage":"en-US","potentialAction":[{"@type":"ReadAction","target":["https:\/\/parkdubrova.eu\/en\/mladen-mikulin-on-the-bench-1991\/"]}]},{"@type":"BreadcrumbList","@id":"https:\/\/parkdubrova.eu\/en\/mladen-mikulin-on-the-bench-1991\/#breadcrumb","itemListElement":[{"@type":"ListItem","position":1,"name":"Home","item":"https:\/\/parkdubrova.eu\/en\/"},{"@type":"ListItem","position":2,"name":"Mladen Mikulin, On the bench, 1991"}]}]}},"_links":{"self":[{"href":"https:\/\/parkdubrova.eu\/en\/wp-json\/wp\/v2\/pages\/6189"}],"collection":[{"href":"https:\/\/parkdubrova.eu\/en\/wp-json\/wp\/v2\/pages"}],"about":[{"href":"https:\/\/parkdubrova.eu\/en\/wp-json\/wp\/v2\/types\/page"}],"author":[{"embeddable":true,"href":"https:\/\/parkdubrova.eu\/en\/wp-json\/wp\/v2\/users\/2"}],"replies":[{"embeddable":true,"href":"https:\/\/parkdubrova.eu\/en\/wp-json\/wp\/v2\/comments?post=6189"}],"version-history":[{"count":6,"href":"https:\/\/parkdubrova.eu\/en\/wp-json\/wp\/v2\/pages\/6189\/revisions"}],"predecessor-version":[{"id":7400,"href":"https:\/\/parkdubrova.eu\/en\/wp-json\/wp\/v2\/pages\/6189\/revisions\/7400"}],"wp:featuredmedia":[{"embeddable":true,"href":"https:\/\/parkdubrova.eu\/en\/wp-json\/wp\/v2\/media\/6191"}],"wp:attachment":[{"href":"https:\/\/parkdubrova.eu\/en\/wp-json\/wp\/v2\/media?parent=6189"}],"curies":[{"name":"wp","href":"https:\/\/api.w.org\/{rel}","templated":true}]}}